{"id":948,"date":"2021-11-06T08:57:36","date_gmt":"2021-11-06T08:57:36","guid":{"rendered":"http:\/\/www.museolacavada.es\/?page_id=948"},"modified":"2026-02-04T13:29:16","modified_gmt":"2026-02-04T13:29:16","slug":"junta-directiva","status":"publish","type":"page","link":"https:\/\/www.museolacavada.es\/index.php\/junta-directiva\/","title":{"rendered":"JUNTA DIRECTIVA"},"content":{"rendered":"\n<p><strong>JUNTA DIRECTIVA de Asociaci\u00f3n de Amigos del Museo de la Real F\u00e1brica de Artiller\u00eda de La Cavada<\/strong><br>PRESIDENTE: \u00c1ngel S. Cuadrado Carrera<br>VICEPRESIDENTE: Ram\u00f3n Orrite Pinedo<br>SECRETARIO-TESORERO: Miguel A. P\u00e9rez Toca<br>VOCAL: Javier Vivathanacul Alonso<br>VOCAL: Ana Abascal G\u00f3mez<br>VOCAL: Luis Villoslada Trueba<br>VOCAL: Manuel Juntadez Carral<br>VOCAL: Juan Rafael Gal\u00e1n Garc\u00eda<\/p>\n","protected":false},"excerpt":{"rendered":"<p>JUNTA DIRECTIVA de Asociaci\u00f3n de Amigos del Museo de la Real F\u00e1brica de Artiller\u00eda de La CavadaPRESIDENTE: \u00c1ngel S. Cuadrado CarreraVICEPRESIDENTE: Ram\u00f3n Orrite PinedoSECRETARIO-TESORERO: Miguel A. P\u00e9rez TocaVOCAL: Javier Vivathanacul AlonsoVOCAL: Ana Abascal G\u00f3mezVOCAL: Luis Villoslada TruebaVOCAL: Manuel Juntadez CarralVOCAL: Juan Rafael Gal\u00e1n Garc\u00eda<\/p>\n","protected":false},"author":1,"featured_media":0,"parent":0,"menu_order":0,"comment_status":"closed","ping_status":"closed","template":"","meta":{"footnotes":""},"class_list":["post-948","page","type-page","status-publish","hentry"],"_links":{"self":[{"href":"https:\/\/www.museolacavada.es\/index.php\/wp-json\/wp\/v2\/pages\/948","targetHints":{"allow":["GET"]}}],"collection":[{"href":"https:\/\/www.museolacavada.es\/index.php\/wp-json\/wp\/v2\/pages"}],"about":[{"href":"https:\/\/www.museolacavada.es\/index.php\/wp-json\/wp\/v2\/types\/page"}],"author":[{"embeddable":true,"href":"https:\/\/www.museolacavada.es\/index.php\/wp-json\/wp\/v2\/users\/1"}],"replies":[{"embeddable":true,"href":"https:\/\/www.museolacavada.es\/index.php\/wp-json\/wp\/v2\/comments?post=948"}],"version-history":[{"count":7,"href":"https:\/\/www.museolacavada.es\/index.php\/wp-json\/wp\/v2\/pages\/948\/revisions"}],"predecessor-version":[{"id":3054,"href":"https:\/\/www.museolacavada.es\/index.php\/wp-json\/wp\/v2\/pages\/948\/revisions\/3054"}],"wp:attachment":[{"href":"https:\/\/www.museolacavada.es\/index.php\/wp-json\/wp\/v2\/media?parent=948"}],"curies":[{"name":"wp","href":"https:\/\/api.w.org\/{rel}","templated":true}]}}