{"id":78,"date":"2021-07-19T19:41:42","date_gmt":"2021-07-19T19:41:42","guid":{"rendered":"http:\/\/www.museolacavada.es\/?page_id=78"},"modified":"2022-04-21T20:36:52","modified_gmt":"2022-04-21T20:36:52","slug":"la-fabrica","status":"publish","type":"page","link":"https:\/\/www.museolacavada.es\/index.php\/la-fabrica\/","title":{"rendered":"La F\u00e1brica"},"content":{"rendered":"\n<p class=\"has-primary-background-color has-text-color has-background has-normal-font-size\" style=\"color:#565e62\">En el <strong>Siglo XVII<\/strong> la creciente necesidad por parte de la Corona de Espa\u00f1a de <strong>controlar sus l\u00edneas comerciales mar\u00edtimas<\/strong> lleva a la construcci\u00f3n de los <strong>primeros altos hornos en la pen\u00ednsula<\/strong> que ayudasen a abastecer los numerosos nav\u00edos de guerra. La <strong>ubicaci\u00f3n escogida es Li\u00e9rganes y La Cavada <\/strong>y las primeras inversiones proceden de los empresarios flamencos Juan Curcio y Jorge de Bande. La cercan\u00eda de las materias primas necesarias para la elaboraci\u00f3n de los ca\u00f1ones ( el agua, el hierro y la madera), la cercan\u00eda al mar, a los astilleros y al puerto de Santander son los elementos clave para la instalaci\u00f3n de este complejo fabril.<\/p>\n\n\n\n<p class=\"has-primary-background-color has-text-color has-background has-normal-font-size\" style=\"color:#565e62\">En poco tiempo la producci\u00f3n y calidad de la artiller\u00eda de esta f\u00e1brica lleva a Espa\u00f1a a la <strong>cabeza del desarrollo tecnol\u00f3gico<\/strong>, y <strong>los ca\u00f1ones de La Cavada pasan a ser considerados los mejores del mundo durante muchos a\u00f1os<\/strong>. El principal motivo es que el peso de cada ca\u00f1\u00f3n consigue reducirse un 25%, algo muy importante si tenemos en cuenta que algunos de los barcos del Siglo XVIII pudo llevar hasta 140 ca\u00f1ones.<\/p>\n\n\n\n<p class=\"has-primary-background-color has-text-color has-background\" style=\"color:#565e62\">Son numerosos los puertos y costas de Am\u00e9rica y Filipinas que tuvieron que ser protegidos con estos mismos ca\u00f1ones durante la etapa colonial ( Cartagena de Indias, Santiago de Cuba, Veracruz, Acapulco, Isla Margarita&#8230;).<\/p>\n\n\n\n<p class=\"has-primary-background-color has-text-color has-background\" style=\"color:#565e62\">La <strong>Real F\u00e1brica de Artiller\u00eda de La Cavada<\/strong> era un importante complejo amurallado que lleg\u00f3 a tener <strong>cuatro altos hornos<\/strong>: San jos\u00e9, Santa Teresa, Ntra Se\u00f1ora del Pilar y Santa B\u00e1rbara. Dos hornos de reverbero, besuyo y tina, otros hornos peque\u00f1os, obradores y talleres, almacenes, palacio de los olivares, viviendas, edificos para oficios&#8230; Existian otros elementos fuera de la muralla necesararios para su funcionamiento, el resvaladero de Lunada, tres presas ( Li\u00e9rganes, La Cavada y Valdelaz\u00f3n), retenes, capillas, ventas, embarcadero&#8230; <\/p>\n\n\n\n<p class=\"has-primary-background-color has-text-color has-background\" style=\"color:#565e62\">Entre los restos de la Real F\u00e1brica que se conservan en la actualidad hay que hacer referencia a la puerta principal de acceso, a importantes vestigios de la muralla, red de canales subterr\u00e1neos, casas de operarios, la casa del intendente con su capilla, edificios, almacenes&#8230;<\/p>\n\n\n\n<p class=\"has-primary-background-color has-text-color has-background\" style=\"color:#565e62\">En cifras, la Real F\u00e1brica <strong>produjo 26.000 ca\u00f1ones \u00fatiles<\/strong>, municiones variadas, millares de piezas destinadas a usos comerciales, dom\u00e9sticos, industriales o de lujo; se pagaron 20 millones de jornales; se consumieron 10 millones de \u00e1rboles, 300.000 toneladas de mineral de hierro, 250.000 toneladas de carb\u00f3n vegetal y 15.000 de piedra.<\/p>\n\n\n\n<p class=\"has-primary-background-color has-text-color has-background\" style=\"color:#565e62\">El final de la producci\u00f3n de esta f\u00e1brica tiene lugar en 1834, coincidiendo con la p\u00e9rdida de presencia de Espa\u00f1a en el mundo y la escasez de materias primas (madera) que encarecer\u00eda el coste final.<\/p>\n\n\n\n<p class=\"has-primary-background-color has-text-color has-background\" style=\"color:#565e62\">El recinto que alberga la Real F\u00e1brica de Artiller\u00eda de La Cavada fue declarado <strong>lugar cultural (sitio Hist\u00f3rico) en el a\u00f1o 2004<\/strong>.<\/p>\n\n\n\n<figure class=\"wp-block-image size-large rea\"><img loading=\"lazy\" decoding=\"async\" width=\"1024\" height=\"724\" src=\"http:\/\/www.museolacavada.es\/wp-content\/uploads\/2021\/09\/16-Plano-Fabrica-siglo-XVIII-1024x724.jpg\" alt=\"\" class=\"wp-image-899\" title=\"real\" srcset=\"https:\/\/www.museolacavada.es\/wp-content\/uploads\/2021\/09\/16-Plano-Fabrica-siglo-XVIII-1024x724.jpg 1024w, https:\/\/www.museolacavada.es\/wp-content\/uploads\/2021\/09\/16-Plano-Fabrica-siglo-XVIII-300x212.jpg 300w, https:\/\/www.museolacavada.es\/wp-content\/uploads\/2021\/09\/16-Plano-Fabrica-siglo-XVIII-768x543.jpg 768w, https:\/\/www.museolacavada.es\/wp-content\/uploads\/2021\/09\/16-Plano-Fabrica-siglo-XVIII-1536x1086.jpg 1536w, https:\/\/www.museolacavada.es\/wp-content\/uploads\/2021\/09\/16-Plano-Fabrica-siglo-XVIII-2048x1449.jpg 2048w\" sizes=\"auto, (max-width: 1024px) 100vw, 1024px\" \/><\/figure>\n\n\n\n<h2 class=\"wp-block-heading\"><\/h2>\n\n\n\n<div class=\"wp-block-columns is-layout-flex wp-container-core-columns-is-layout-9d6595d7 wp-block-columns-is-layout-flex\">\n<div class=\"wp-block-column is-layout-flow wp-block-column-is-layout-flow\">\n<figure class=\"wp-block-image size-large is-style-default\"><img loading=\"lazy\" decoding=\"async\" width=\"1024\" height=\"724\" src=\"http:\/\/www.museolacavada.es\/wp-content\/uploads\/2021\/09\/17-Plano-Coello-1861-1024x724.jpg\" alt=\"\" class=\"wp-image-901\" srcset=\"https:\/\/www.museolacavada.es\/wp-content\/uploads\/2021\/09\/17-Plano-Coello-1861-1024x724.jpg 1024w, https:\/\/www.museolacavada.es\/wp-content\/uploads\/2021\/09\/17-Plano-Coello-1861-300x212.jpg 300w, https:\/\/www.museolacavada.es\/wp-content\/uploads\/2021\/09\/17-Plano-Coello-1861-768x543.jpg 768w, https:\/\/www.museolacavada.es\/wp-content\/uploads\/2021\/09\/17-Plano-Coello-1861-1536x1086.jpg 1536w, https:\/\/www.museolacavada.es\/wp-content\/uploads\/2021\/09\/17-Plano-Coello-1861-2048x1448.jpg 2048w\" sizes=\"auto, (max-width: 1024px) 100vw, 1024px\" \/><\/figure>\n<\/div>\n\n\n\n<div class=\"wp-block-column is-layout-flow wp-block-column-is-layout-flow\">\n<figure class=\"wp-block-image size-large is-style-default\"><img loading=\"lazy\" decoding=\"async\" width=\"1024\" height=\"724\" src=\"http:\/\/www.museolacavada.es\/wp-content\/uploads\/2021\/08\/2-Restos-horno-Sta.-Barbara-1024x724.jpg\" alt=\"\" class=\"wp-image-348\" srcset=\"https:\/\/www.museolacavada.es\/wp-content\/uploads\/2021\/08\/2-Restos-horno-Sta.-Barbara-1024x724.jpg 1024w, https:\/\/www.museolacavada.es\/wp-content\/uploads\/2021\/08\/2-Restos-horno-Sta.-Barbara-300x212.jpg 300w, https:\/\/www.museolacavada.es\/wp-content\/uploads\/2021\/08\/2-Restos-horno-Sta.-Barbara-768x543.jpg 768w, https:\/\/www.museolacavada.es\/wp-content\/uploads\/2021\/08\/2-Restos-horno-Sta.-Barbara-1536x1086.jpg 1536w, https:\/\/www.museolacavada.es\/wp-content\/uploads\/2021\/08\/2-Restos-horno-Sta.-Barbara-2048x1448.jpg 2048w\" sizes=\"auto, (max-width: 1024px) 100vw, 1024px\" \/><\/figure>\n<\/div>\n\n\n\n<div class=\"wp-block-column is-layout-flow wp-block-column-is-layout-flow\">\n<figure class=\"wp-block-image size-large is-style-default\"><img loading=\"lazy\" decoding=\"async\" width=\"1024\" height=\"724\" src=\"http:\/\/www.museolacavada.es\/wp-content\/uploads\/2021\/08\/28-Montaje-de-canon-y-curena-1024x724.jpg\" alt=\"\" class=\"wp-image-347\" srcset=\"https:\/\/www.museolacavada.es\/wp-content\/uploads\/2021\/08\/28-Montaje-de-canon-y-curena-1024x724.jpg 1024w, https:\/\/www.museolacavada.es\/wp-content\/uploads\/2021\/08\/28-Montaje-de-canon-y-curena-300x212.jpg 300w, https:\/\/www.museolacavada.es\/wp-content\/uploads\/2021\/08\/28-Montaje-de-canon-y-curena-768x543.jpg 768w, https:\/\/www.museolacavada.es\/wp-content\/uploads\/2021\/08\/28-Montaje-de-canon-y-curena-1536x1086.jpg 1536w, https:\/\/www.museolacavada.es\/wp-content\/uploads\/2021\/08\/28-Montaje-de-canon-y-curena-2048x1448.jpg 2048w\" sizes=\"auto, (max-width: 1024px) 100vw, 1024px\" \/><\/figure>\n<\/div>\n<\/div>\n\n\n\n<p><\/p>\n","protected":false},"excerpt":{"rendered":"<p>En el Siglo XVII la creciente necesidad por parte de la Corona de Espa\u00f1a de controlar sus l\u00edneas comerciales mar\u00edtimas lleva a la construcci\u00f3n de los primeros altos hornos en la pen\u00ednsula que ayudasen a abastecer los numerosos nav\u00edos de guerra. La ubicaci\u00f3n escogida es Li\u00e9rganes y La Cavada y las primeras inversiones proceden de [&hellip;]<\/p>\n","protected":false},"author":1,"featured_media":0,"parent":0,"menu_order":0,"comment_status":"closed","ping_status":"closed","template":"","meta":{"footnotes":""},"class_list":["post-78","page","type-page","status-publish","hentry"],"_links":{"self":[{"href":"https:\/\/www.museolacavada.es\/index.php\/wp-json\/wp\/v2\/pages\/78","targetHints":{"allow":["GET"]}}],"collection":[{"href":"https:\/\/www.museolacavada.es\/index.php\/wp-json\/wp\/v2\/pages"}],"about":[{"href":"https:\/\/www.museolacavada.es\/index.php\/wp-json\/wp\/v2\/types\/page"}],"author":[{"embeddable":true,"href":"https:\/\/www.museolacavada.es\/index.php\/wp-json\/wp\/v2\/users\/1"}],"replies":[{"embeddable":true,"href":"https:\/\/www.museolacavada.es\/index.php\/wp-json\/wp\/v2\/comments?post=78"}],"version-history":[{"count":20,"href":"https:\/\/www.museolacavada.es\/index.php\/wp-json\/wp\/v2\/pages\/78\/revisions"}],"predecessor-version":[{"id":1144,"href":"https:\/\/www.museolacavada.es\/index.php\/wp-json\/wp\/v2\/pages\/78\/revisions\/1144"}],"wp:attachment":[{"href":"https:\/\/www.museolacavada.es\/index.php\/wp-json\/wp\/v2\/media?parent=78"}],"curies":[{"name":"wp","href":"https:\/\/api.w.org\/{rel}","templated":true}]}}