{"id":2672,"date":"2025-05-29T01:23:02","date_gmt":"2025-05-29T01:23:02","guid":{"rendered":"https:\/\/www.museolacavada.es\/?page_id=2672"},"modified":"2026-04-10T17:57:40","modified_gmt":"2026-04-10T17:57:40","slug":"ciclo-de-conferencias-mayo","status":"publish","type":"page","link":"https:\/\/www.museolacavada.es\/index.php\/ciclo-de-conferencias-mayo\/","title":{"rendered":"Ciclo de Conferencias Mayo 2026"},"content":{"rendered":"\n<figure class=\"wp-block-image size-large\"><img loading=\"lazy\" decoding=\"async\" width=\"791\" height=\"1024\" src=\"https:\/\/www.museolacavada.es\/wp-content\/uploads\/2026\/04\/1000165439-791x1024.jpg\" alt=\"\" class=\"wp-image-3070\" srcset=\"https:\/\/www.museolacavada.es\/wp-content\/uploads\/2026\/04\/1000165439-791x1024.jpg 791w, https:\/\/www.museolacavada.es\/wp-content\/uploads\/2026\/04\/1000165439-232x300.jpg 232w, https:\/\/www.museolacavada.es\/wp-content\/uploads\/2026\/04\/1000165439-768x994.jpg 768w, https:\/\/www.museolacavada.es\/wp-content\/uploads\/2026\/04\/1000165439-1187x1536.jpg 1187w, https:\/\/www.museolacavada.es\/wp-content\/uploads\/2026\/04\/1000165439.jpg 1275w\" sizes=\"auto, (max-width: 791px) 100vw, 791px\" \/><\/figure>\n\n\n\n<p>Es hora de anunciar un nuevo <strong>CICLO DE CONFERENCIAS \u00abHIERRO Y MAR\u00bb<\/strong> que celebraremos de la mano del <strong>Museo Mar\u00edtimo de Cantabria<\/strong>.<\/p>\n\n\n\n<p>Esta nueva edici\u00f3n, organizada por la <strong>Asociaci\u00f3n de Amigos del Museo de la Real F\u00e1brica de Artiller\u00eda de La Cavada<\/strong>, dar\u00e1 comienzo el lunes 4 de mayo y continuar\u00e1 los d\u00edas 11 y 18 del mismo mes y el 1 de junio.<\/p>\n\n\n\n<p>Estos encuentros, de <strong>gran inter\u00e9s y abiertos a todo el p\u00fablico<\/strong>, se llevar\u00e1n a cabo en el Museo Mar\u00edtimo del Cant\u00e1brico Avda. Severiano Ballesteros (Santander) a partir de las 19.00h.<\/p>\n\n\n\n<p>Gracias a la <strong>Consejer\u00eda de Cultura, Turismo y Deporte a trav\u00e9s de la Direcci\u00f3n General de Cultura del Gobierno de Cantabria<\/strong>, por dar esta oportunidad al Museo de La Cavada\u00a0 y poder celebrar est\u00e1s conferencias en un lugar tan emblem\u00e1tico como es el MMC.<br>\u00a1Os esperamos!<\/p>\n\n\n\n<p><\/p>\n\n\n\n<p><\/p>\n\n\n\n<h1 class=\"wp-block-heading\">Ciclo de Conferencias Mayo 2025<\/h1>\n\n\n\n<figure class=\"wp-block-image size-large\"><img loading=\"lazy\" decoding=\"async\" width=\"791\" height=\"1024\" src=\"https:\/\/www.museolacavada.es\/wp-content\/uploads\/2025\/05\/1000109117-791x1024.jpg\" alt=\"\" class=\"wp-image-2673\" srcset=\"https:\/\/www.museolacavada.es\/wp-content\/uploads\/2025\/05\/1000109117-791x1024.jpg 791w, https:\/\/www.museolacavada.es\/wp-content\/uploads\/2025\/05\/1000109117-232x300.jpg 232w, https:\/\/www.museolacavada.es\/wp-content\/uploads\/2025\/05\/1000109117-768x994.jpg 768w, https:\/\/www.museolacavada.es\/wp-content\/uploads\/2025\/05\/1000109117-1187x1536.jpg 1187w, https:\/\/www.museolacavada.es\/wp-content\/uploads\/2025\/05\/1000109117.jpg 1236w\" sizes=\"auto, (max-width: 791px) 100vw, 791px\" \/><\/figure>\n\n\n\n<div class=\"wp-block-media-text is-stacked-on-mobile\"><figure class=\"wp-block-media-text__media\"><img loading=\"lazy\" decoding=\"async\" width=\"1024\" height=\"576\" src=\"https:\/\/www.museolacavada.es\/wp-content\/uploads\/2025\/05\/1000105802-1-1024x576.jpg\" alt=\"\" class=\"wp-image-2681 size-full\" srcset=\"https:\/\/www.museolacavada.es\/wp-content\/uploads\/2025\/05\/1000105802-1-1024x576.jpg 1024w, https:\/\/www.museolacavada.es\/wp-content\/uploads\/2025\/05\/1000105802-1-300x169.jpg 300w, https:\/\/www.museolacavada.es\/wp-content\/uploads\/2025\/05\/1000105802-1-768x432.jpg 768w, https:\/\/www.museolacavada.es\/wp-content\/uploads\/2025\/05\/1000105802-1-1536x864.jpg 1536w, https:\/\/www.museolacavada.es\/wp-content\/uploads\/2025\/05\/1000105802-1-2048x1152.jpg 2048w\" sizes=\"auto, (max-width: 1024px) 100vw, 1024px\" \/><\/figure><div class=\"wp-block-media-text__content\">\n<p>D. Miguel Alejo Bocanegra \u00abGestas navales espa\u00f1olas en los Siglos XIII a XVIII de Bonifaz A\u00bb<\/p>\n<\/div><\/div>\n\n\n\n<div class=\"wp-block-media-text is-stacked-on-mobile\"><figure class=\"wp-block-media-text__media\"><img loading=\"lazy\" decoding=\"async\" width=\"1024\" height=\"682\" src=\"https:\/\/www.museolacavada.es\/wp-content\/uploads\/2025\/05\/1000107370-1-1024x682.jpg\" alt=\"\" class=\"wp-image-2680 size-full\" srcset=\"https:\/\/www.museolacavada.es\/wp-content\/uploads\/2025\/05\/1000107370-1-1024x682.jpg 1024w, https:\/\/www.museolacavada.es\/wp-content\/uploads\/2025\/05\/1000107370-1-300x200.jpg 300w, https:\/\/www.museolacavada.es\/wp-content\/uploads\/2025\/05\/1000107370-1-768x512.jpg 768w, https:\/\/www.museolacavada.es\/wp-content\/uploads\/2025\/05\/1000107370-1-1536x1023.jpg 1536w, https:\/\/www.museolacavada.es\/wp-content\/uploads\/2025\/05\/1000107370-1.jpg 1600w\" sizes=\"auto, (max-width: 1024px) 100vw, 1024px\" \/><\/figure><div class=\"wp-block-media-text__content\">\n<p>D\u00f1a. Montserrat Cubr\u00eda Piris \u00abLas mujeres de las f\u00e1bricas de artiller\u00eda\u00bb<\/p>\n\n\n\n<figure class=\"wp-block-embed is-type-video is-provider-youtube wp-block-embed-youtube wp-embed-aspect-4-3 wp-has-aspect-ratio\"><div class=\"wp-block-embed__wrapper\">\n<iframe loading=\"lazy\" title=\"Montserrat Cubr\u00eda - Las mujeres de las f\u00e1bricas de artiller\u00eda | Conferencias mayo 2025\" width=\"500\" height=\"375\" src=\"https:\/\/www.youtube.com\/embed\/kUXwXxN4cTg?feature=oembed\" frameborder=\"0\" allow=\"accelerometer; autoplay; clipboard-write; encrypted-media; gyroscope; picture-in-picture; web-share\" referrerpolicy=\"strict-origin-when-cross-origin\" allowfullscreen><\/iframe>\n<\/div><\/figure>\n<\/div><\/div>\n\n\n\n<div class=\"wp-block-media-text is-stacked-on-mobile\"><figure class=\"wp-block-media-text__media\"><img loading=\"lazy\" decoding=\"async\" width=\"1024\" height=\"576\" src=\"https:\/\/www.museolacavada.es\/wp-content\/uploads\/2025\/05\/1000109114-1-1024x576.jpg\" alt=\"\" class=\"wp-image-2678 size-full\" srcset=\"https:\/\/www.museolacavada.es\/wp-content\/uploads\/2025\/05\/1000109114-1-1024x576.jpg 1024w, https:\/\/www.museolacavada.es\/wp-content\/uploads\/2025\/05\/1000109114-1-300x169.jpg 300w, https:\/\/www.museolacavada.es\/wp-content\/uploads\/2025\/05\/1000109114-1-768x432.jpg 768w, https:\/\/www.museolacavada.es\/wp-content\/uploads\/2025\/05\/1000109114-1.jpg 1080w\" sizes=\"auto, (max-width: 1024px) 100vw, 1024px\" \/><\/figure><div class=\"wp-block-media-text__content\">\n<p>D. Rafael Palacio Ramos \u00abBlas de Lezo y el sitio de Cartagena de indias\u00bb.<\/p>\n\n\n\n<figure class=\"wp-block-embed is-type-video is-provider-youtube wp-block-embed-youtube wp-embed-aspect-4-3 wp-has-aspect-ratio\"><div class=\"wp-block-embed__wrapper\">\n<iframe loading=\"lazy\" title=\"Rafael Palacio Ramos - Blas de Lezo y el sitio de Cartagena de Indias | Conferencias mayo 2025\" width=\"500\" height=\"375\" src=\"https:\/\/www.youtube.com\/embed\/tPxrYJjRj5c?feature=oembed\" frameborder=\"0\" allow=\"accelerometer; autoplay; clipboard-write; encrypted-media; gyroscope; picture-in-picture; web-share\" referrerpolicy=\"strict-origin-when-cross-origin\" allowfullscreen><\/iframe>\n<\/div><\/figure>\n\n\n\n<p><\/p>\n<\/div><\/div>\n\n\n\n<div class=\"wp-block-media-text is-stacked-on-mobile\"><figure class=\"wp-block-media-text__media\"><img loading=\"lazy\" decoding=\"async\" width=\"1024\" height=\"576\" src=\"https:\/\/www.museolacavada.es\/wp-content\/uploads\/2025\/07\/499557478_1215203517056331_2404441399215534712_n-1-1024x576.jpg\" alt=\"\" class=\"wp-image-2717 size-full\" srcset=\"https:\/\/www.museolacavada.es\/wp-content\/uploads\/2025\/07\/499557478_1215203517056331_2404441399215534712_n-1-1024x576.jpg 1024w, https:\/\/www.museolacavada.es\/wp-content\/uploads\/2025\/07\/499557478_1215203517056331_2404441399215534712_n-1-300x169.jpg 300w, https:\/\/www.museolacavada.es\/wp-content\/uploads\/2025\/07\/499557478_1215203517056331_2404441399215534712_n-1-768x432.jpg 768w, https:\/\/www.museolacavada.es\/wp-content\/uploads\/2025\/07\/499557478_1215203517056331_2404441399215534712_n-1-1536x864.jpg 1536w, https:\/\/www.museolacavada.es\/wp-content\/uploads\/2025\/07\/499557478_1215203517056331_2404441399215534712_n-1.jpg 2048w\" sizes=\"auto, (max-width: 1024px) 100vw, 1024px\" \/><\/figure><div class=\"wp-block-media-text__content\">\n<p>D. Benjam\u00edn J. Garc\u00eda Pastor \u00abUn puerto escondido en la Bah\u00eda de Santander\u00bb<\/p>\n\n\n\n<figure class=\"wp-block-embed is-type-video is-provider-youtube wp-block-embed-youtube wp-embed-aspect-4-3 wp-has-aspect-ratio\"><div class=\"wp-block-embed__wrapper\">\n<iframe loading=\"lazy\" title=\"Benjam\u00edn J. Garc\u00eda Pastor - Un puerto escondido en la Bah\u00eda de Santander | Conferencias mayo 2025\" width=\"500\" height=\"375\" src=\"https:\/\/www.youtube.com\/embed\/N_Hlvs_2BGA?feature=oembed\" frameborder=\"0\" allow=\"accelerometer; autoplay; clipboard-write; encrypted-media; gyroscope; picture-in-picture; web-share\" referrerpolicy=\"strict-origin-when-cross-origin\" allowfullscreen><\/iframe>\n<\/div><\/figure>\n<\/div><\/div>\n","protected":false},"excerpt":{"rendered":"<p>Es hora de anunciar un nuevo CICLO DE CONFERENCIAS \u00abHIERRO Y MAR\u00bb que celebraremos de la mano del Museo Mar\u00edtimo de Cantabria. Esta nueva edici\u00f3n, organizada por la Asociaci\u00f3n de Amigos del Museo de la Real F\u00e1brica de Artiller\u00eda de La Cavada, dar\u00e1 comienzo el lunes 4 de mayo y continuar\u00e1 los d\u00edas 11 y [&hellip;]<\/p>\n","protected":false},"author":1,"featured_media":0,"parent":0,"menu_order":0,"comment_status":"closed","ping_status":"closed","template":"","meta":{"footnotes":""},"class_list":["post-2672","page","type-page","status-publish","hentry"],"_links":{"self":[{"href":"https:\/\/www.museolacavada.es\/index.php\/wp-json\/wp\/v2\/pages\/2672","targetHints":{"allow":["GET"]}}],"collection":[{"href":"https:\/\/www.museolacavada.es\/index.php\/wp-json\/wp\/v2\/pages"}],"about":[{"href":"https:\/\/www.museolacavada.es\/index.php\/wp-json\/wp\/v2\/types\/page"}],"author":[{"embeddable":true,"href":"https:\/\/www.museolacavada.es\/index.php\/wp-json\/wp\/v2\/users\/1"}],"replies":[{"embeddable":true,"href":"https:\/\/www.museolacavada.es\/index.php\/wp-json\/wp\/v2\/comments?post=2672"}],"version-history":[{"count":4,"href":"https:\/\/www.museolacavada.es\/index.php\/wp-json\/wp\/v2\/pages\/2672\/revisions"}],"predecessor-version":[{"id":3076,"href":"https:\/\/www.museolacavada.es\/index.php\/wp-json\/wp\/v2\/pages\/2672\/revisions\/3076"}],"wp:attachment":[{"href":"https:\/\/www.museolacavada.es\/index.php\/wp-json\/wp\/v2\/media?parent=2672"}],"curies":[{"name":"wp","href":"https:\/\/api.w.org\/{rel}","templated":true}]}}