{"id":19,"date":"2021-07-19T18:11:06","date_gmt":"2021-07-19T18:11:06","guid":{"rendered":"http:\/\/www.museolacavada.es\/?page_id=19"},"modified":"2026-02-26T21:27:47","modified_gmt":"2026-02-26T21:27:47","slug":"contacto","status":"publish","type":"page","link":"https:\/\/www.museolacavada.es\/index.php\/contacto\/","title":{"rendered":"Contacto"},"content":{"rendered":"\n<div class=\"wp-block-group\"><div class=\"wp-block-group__inner-container is-layout-flow wp-block-group-is-layout-flow\">\n<p><\/p>\n<\/div><\/div>\n\n\n\n<div class=\"wp-block-columns is-layout-flex wp-container-core-columns-is-layout-9d6595d7 wp-block-columns-is-layout-flex\">\n<div class=\"wp-block-column is-layout-flow wp-block-column-is-layout-flow\" style=\"flex-basis:100%\">\n<div class=\"wp-block-columns is-layout-flex wp-container-core-columns-is-layout-9d6595d7 wp-block-columns-is-layout-flex\">\n<div class=\"wp-block-column is-layout-flow wp-block-column-is-layout-flow\">\n<p class=\"has-large-font-size\"><sub><strong>Si desea  una visita guiada \u00a1CONTACTA CON NOSOTROS!<\/strong><\/sub><\/p>\n\n\n\n<p>\ud83d\udcde 942 539 412\u00a0\u00a0y\u00a0 \ud83d\udcde 615187845<\/p>\n\n\n\n<p>\ud83d\udce8 museolacavada@museolacavada.com<\/p>\n\n\n\n<p><strong>ASOCIACI\u00d3N DE AMIGOS DEL MUSEO<\/strong><\/p>\n\n\n\n<p>Real F\u00e1brica de Artiller\u00eda de La Cavada<\/p>\n\n\n\n<p>C\/ Colegio P\u00fablico Leopoldo y Josefa del Valle, 11<\/p>\n\n\n\n<p>39720 La Cavada &#8211; Cantabria<\/p>\n<\/div>\n<\/div>\n<\/div>\n<\/div>\n\n\n\n<div class=\"wp-block-columns is-layout-flex wp-container-core-columns-is-layout-9d6595d7 wp-block-columns-is-layout-flex\">\n<div class=\"wp-block-column is-layout-flow wp-block-column-is-layout-flow\">\n<div class=\"wp-block-contact-form-7-contact-form-selector\"><div role=\"form\" class=\"wpcf7\" id=\"wpcf7-f355-o1\" lang=\"es-ES\" dir=\"ltr\">\n<div class=\"screen-reader-response\"><p role=\"status\" aria-live=\"polite\" aria-atomic=\"true\"><\/p> <ul><\/ul><\/div>\n<form action=\"\/index.php\/wp-json\/wp\/v2\/pages\/19#wpcf7-f355-o1\" method=\"post\" class=\"wpcf7-form init\" novalidate=\"novalidate\" data-status=\"init\">\n<div style=\"display: none;\">\n<input type=\"hidden\" name=\"_wpcf7\" value=\"355\" \/>\n<input type=\"hidden\" name=\"_wpcf7_version\" value=\"5.4.2\" \/>\n<input type=\"hidden\" name=\"_wpcf7_locale\" value=\"es_ES\" \/>\n<input type=\"hidden\" name=\"_wpcf7_unit_tag\" value=\"wpcf7-f355-o1\" \/>\n<input type=\"hidden\" name=\"_wpcf7_container_post\" value=\"0\" \/>\n<input type=\"hidden\" name=\"_wpcf7_posted_data_hash\" value=\"\" \/>\n<\/div>\n<p><label> Tu nombre<br \/>\n    <span class=\"wpcf7-form-control-wrap your-name\"><input type=\"text\" name=\"your-name\" value=\"\" size=\"40\" class=\"wpcf7-form-control wpcf7-text wpcf7-validates-as-required\" aria-required=\"true\" aria-invalid=\"false\" \/><\/span> <\/label><\/p>\n<p><label> Tu correo electr\u00f3nico<br \/>\n    <span class=\"wpcf7-form-control-wrap your-email\"><input type=\"email\" name=\"your-email\" value=\"\" size=\"40\" class=\"wpcf7-form-control wpcf7-text wpcf7-email wpcf7-validates-as-required wpcf7-validates-as-email\" aria-required=\"true\" aria-invalid=\"false\" \/><\/span> <\/label><\/p>\n<p><label> Asunto<br \/>\n    <span class=\"wpcf7-form-control-wrap your-subject\"><input type=\"text\" name=\"your-subject\" value=\"\" size=\"40\" class=\"wpcf7-form-control wpcf7-text wpcf7-validates-as-required\" aria-required=\"true\" aria-invalid=\"false\" \/><\/span> <\/label><\/p>\n<p><label> Tu mensaje (opcional)<br \/>\n    <span class=\"wpcf7-form-control-wrap your-message\"><textarea name=\"your-message\" cols=\"40\" rows=\"10\" class=\"wpcf7-form-control wpcf7-textarea\" aria-invalid=\"false\"><\/textarea><\/span> <\/label><\/p>\n<p><label><span class=\"wpcf7-form-control-wrap acceptance-620\"><span class=\"wpcf7-form-control wpcf7-acceptance optional\"><span class=\"wpcf7-list-item\"><input type=\"checkbox\" name=\"acceptance-620\" value=\"1\" aria-invalid=\"false\" \/><\/span><\/span><\/span> Consiento el uso de mis datos para los fines indicados en la \u201c<a href=\"https:\/\/www.museolacavada.es\/index.php\/politica-de-privacidad\/\">POL\u00cdTICA DE PRIVACIDAD<\/a>\u201d <label><\/p>\n<p><label><span class=\"wpcf7-form-control-wrap acceptance-215\"><span class=\"wpcf7-form-control wpcf7-acceptance optional\"><span class=\"wpcf7-list-item\"><input type=\"checkbox\" name=\"acceptance-215\" value=\"1\" aria-invalid=\"false\" \/><\/span><\/span><\/span> Consiento el uso de mis datos personales para recibir publicidad de su entidad. <label><\/p>\n<p><input type=\"submit\" value=\"Enviar\" class=\"wpcf7-form-control wpcf7-submit\" \/><\/p>\n<div class=\"wpcf7-response-output\" aria-hidden=\"true\"><\/div><\/form><\/div><\/div>\n<\/div>\n\n\n\n<div class=\"wp-block-column is-layout-flow wp-block-column-is-layout-flow\">\n<p><br><\/p>\n\n\n\n<p><strong>INFORMACI\u00d3N B\u00c1SICA SOBRE LA PROTECCI\u00d3N DE DATOS<\/strong><\/p>\n\n\n\n<p><strong>Responsable del tratamiento<\/strong>. ASOCIACI\u00d3N DE AMIGOS DEL MUSEO DE LA<br>REAL F\u00c1BRICA DE ARTILLER\u00cdA DE LA CAVADA<\/p>\n\n\n\n<p><strong>Direcci\u00f3n del responsable<\/strong>. LEOPOLDO Y JOSEFA DEL VALLE, 11, CP 39720, LA CAVADA (Cantabria)<\/p>\n\n\n\n<p><strong>Finalidad<\/strong>: Sus datos ser\u00e1n usados para poder atender<br>sus solicitudes y prestarle nuestros servicios.<br>Publicidad Solo le enviaremos publicidad con su<br>autorizaci\u00f3n previa, que podr\u00e1 facilitarnos<br>mediante la casilla correspondiente<br>establecida al efecto.<\/p>\n\n\n\n<p><strong>Legitimaci\u00f3n<\/strong>: \u00danicamente trataremos sus datos con su<br>consentimiento previo, que podr\u00e1 facilitarnos mediante la casilla correspondiente establecida al efecto.<\/p>\n\n\n\n<p><br><strong>Destinatarios<\/strong>: Con car\u00e1cter general, s\u00f3lo el personal de nuestra entidad que est\u00e9 debidamente autorizado podr\u00e1 tener conocimiento de la informaci\u00f3n que le pedimos.<\/p>\n\n\n\n<p><strong>Derechos<\/strong>. Tiene derecho a saber qu\u00e9 informaci\u00f3n<br>tenemos sobre usted, corregirla y eliminarla,<br>tal y como se explica en la informaci\u00f3n<br>adicional disponible en nuestra p\u00e1gina web.<\/p>\n\n\n\n<p><br><strong>Informaci\u00f3n adicional<\/strong>: M\u00e1s informaci\u00f3n en el apartado \u201c<a href=\"https:\/\/www.museolacavada.es\/index.php\/politica-de-privacidad\/\" data-type=\"URL\" data-id=\"https:\/\/www.museolacavada.es\/index.php\/politica-de-privacidad\/\">POL\u00cdTICA DE PRIVACIDAD<\/a>\u201d de nuestra p\u00e1gina web.<\/p>\n<\/div>\n<\/div>\n","protected":false},"excerpt":{"rendered":"<p>Si desea una visita guiada \u00a1CONTACTA CON NOSOTROS! \ud83d\udcde 942 539 412\u00a0\u00a0y\u00a0 \ud83d\udcde 615187845 \ud83d\udce8 museolacavada@museolacavada.com ASOCIACI\u00d3N DE AMIGOS DEL MUSEO Real F\u00e1brica de Artiller\u00eda de La Cavada C\/ Colegio P\u00fablico Leopoldo y Josefa del Valle, 11 39720 La Cavada &#8211; Cantabria INFORMACI\u00d3N B\u00c1SICA SOBRE LA PROTECCI\u00d3N DE DATOS Responsable del tratamiento. ASOCIACI\u00d3N DE AMIGOS [&hellip;]<\/p>\n","protected":false},"author":1,"featured_media":0,"parent":0,"menu_order":0,"comment_status":"closed","ping_status":"closed","template":"","meta":{"footnotes":""},"class_list":["post-19","page","type-page","status-publish","hentry"],"_links":{"self":[{"href":"https:\/\/www.museolacavada.es\/index.php\/wp-json\/wp\/v2\/pages\/19","targetHints":{"allow":["GET"]}}],"collection":[{"href":"https:\/\/www.museolacavada.es\/index.php\/wp-json\/wp\/v2\/pages"}],"about":[{"href":"https:\/\/www.museolacavada.es\/index.php\/wp-json\/wp\/v2\/types\/page"}],"author":[{"embeddable":true,"href":"https:\/\/www.museolacavada.es\/index.php\/wp-json\/wp\/v2\/users\/1"}],"replies":[{"embeddable":true,"href":"https:\/\/www.museolacavada.es\/index.php\/wp-json\/wp\/v2\/comments?post=19"}],"version-history":[{"count":23,"href":"https:\/\/www.museolacavada.es\/index.php\/wp-json\/wp\/v2\/pages\/19\/revisions"}],"predecessor-version":[{"id":3068,"href":"https:\/\/www.museolacavada.es\/index.php\/wp-json\/wp\/v2\/pages\/19\/revisions\/3068"}],"wp:attachment":[{"href":"https:\/\/www.museolacavada.es\/index.php\/wp-json\/wp\/v2\/media?parent=19"}],"curies":[{"name":"wp","href":"https:\/\/api.w.org\/{rel}","templated":true}]}}