{"id":120,"date":"2021-07-19T20:29:58","date_gmt":"2021-07-19T20:29:58","guid":{"rendered":"http:\/\/www.museolacavada.es\/?page_id=120"},"modified":"2022-04-21T20:27:05","modified_gmt":"2022-04-21T20:27:05","slug":"fiesta-de-interes-turistico-regional","status":"publish","type":"page","link":"https:\/\/www.museolacavada.es\/index.php\/fiesta-de-interes-turistico-regional\/","title":{"rendered":"Fiesta de Inter\u00e9s Tur\u00edstico Regional"},"content":{"rendered":"\n<div class=\"wp-block-columns is-layout-flex wp-container-core-columns-is-layout-9d6595d7 wp-block-columns-is-layout-flex\">\n<div class=\"wp-block-column is-layout-flow wp-block-column-is-layout-flow\"><\/div>\n<\/div>\n\n\n\n<div class=\"wp-block-media-text alignfull has-media-on-the-right is-stacked-on-mobile is-vertically-aligned-center\" style=\"grid-template-columns:auto 54%\"><figure class=\"wp-block-media-text__media\"><img loading=\"lazy\" decoding=\"async\" width=\"1024\" height=\"683\" src=\"http:\/\/www.museolacavada.es\/wp-content\/uploads\/2021\/07\/IMG_2809-1024x683.jpg\" alt=\"\" class=\"wp-image-62 size-full\" srcset=\"https:\/\/www.museolacavada.es\/wp-content\/uploads\/2021\/07\/IMG_2809-1024x683.jpg 1024w, https:\/\/www.museolacavada.es\/wp-content\/uploads\/2021\/07\/IMG_2809-300x200.jpg 300w, https:\/\/www.museolacavada.es\/wp-content\/uploads\/2021\/07\/IMG_2809-768x512.jpg 768w, https:\/\/www.museolacavada.es\/wp-content\/uploads\/2021\/07\/IMG_2809-1536x1024.jpg 1536w, https:\/\/www.museolacavada.es\/wp-content\/uploads\/2021\/07\/IMG_2809-2048x1365.jpg 2048w, https:\/\/www.museolacavada.es\/wp-content\/uploads\/2021\/07\/IMG_2809-1200x800.jpg 1200w, https:\/\/www.museolacavada.es\/wp-content\/uploads\/2021\/07\/IMG_2809-1980x1320.jpg 1980w\" sizes=\"auto, (max-width: 1024px) 100vw, 1024px\" \/><\/figure><div class=\"wp-block-media-text__content\">\n<p class=\"has-text-color has-normal-font-size\" style=\"color:#727a80\">Dentro de la labor de difusi\u00f3n que lleva a cabo la <strong>Asociaci\u00f3n de Amigos del Museo<\/strong> se encuentra el <strong>\u00abD\u00eda de la Real F\u00e1brica\u00bb<\/strong>. Esta <strong>Fiesta de Inter\u00e9s Tur\u00edstico Regional<\/strong> es una recreaci\u00f3n Hist\u00f3rica de la recepci\u00f3n y toma de posesi\u00f3n como Director de la F\u00e1brica de La Cavada del Brigadier Dn. Fernando Casado de Torres, el m\u00e1s prestigioso ingeniero y militar de la ilustraci\u00f3n espa\u00f1ola.<\/p>\n\n\n\n<p class=\"has-text-color has-normal-font-size\" style=\"color:#727a80\">El desfile militar lo componen: La Agrupaci\u00f3n 31 de Agosto de San Sebasti\u00e1n, bandas de m\u00fasica, la calesa (donde va el Brigadier, su ayudante, Mariana de Brito y Jorge de Bande) adem\u00e1s tambi\u00e9n participa la tamborada infantil de La Cavada y vecinos del pueblo, todos ataviados con trajes de la \u00e9poca.<\/p>\n\n\n\n<p class=\"has-text-color has-normal-font-size\" style=\"color:#727a80\">El acto finaliza con el <strong>disparo de la salva de honor a cargo del ca\u00f1\u00f3n de 48 libras<\/strong>, el ca\u00f1\u00f3n de avancarga, fundido en una sola pieza, es el mayor del mundo y en la actualidad solo existen 5 piezas.<\/p>\n<\/div><\/div>\n\n\n\n<figure class=\"wp-block-embed is-type-video is-provider-youtube wp-block-embed-youtube wp-embed-aspect-16-9 wp-has-aspect-ratio\"><div class=\"wp-block-embed__wrapper\">\n<iframe loading=\"lazy\" title=\"Dia de la Real Fabrica de Artilleria de La Cavada\" width=\"500\" height=\"281\" src=\"https:\/\/www.youtube.com\/embed\/PcCDRPBURyE?start=37&#038;feature=oembed\" frameborder=\"0\" allow=\"accelerometer; autoplay; clipboard-write; encrypted-media; gyroscope; picture-in-picture; web-share\" referrerpolicy=\"strict-origin-when-cross-origin\" allowfullscreen><\/iframe>\n<\/div><\/figure>\n\n\n\n<figure class=\"wp-block-gallery has-nested-images columns-default is-cropped wp-block-gallery-1 is-layout-flex wp-block-gallery-is-layout-flex\">\n<figure class=\"wp-block-image size-large\"><img loading=\"lazy\" decoding=\"async\" width=\"1024\" height=\"683\" data-id=\"67\" src=\"http:\/\/www.museolacavada.es\/wp-content\/uploads\/2021\/07\/IMG_2809-1-1024x683.jpg\" alt=\"\" class=\"wp-image-67\" srcset=\"https:\/\/www.museolacavada.es\/wp-content\/uploads\/2021\/07\/IMG_2809-1-1024x683.jpg 1024w, https:\/\/www.museolacavada.es\/wp-content\/uploads\/2021\/07\/IMG_2809-1-300x200.jpg 300w, https:\/\/www.museolacavada.es\/wp-content\/uploads\/2021\/07\/IMG_2809-1-768x512.jpg 768w, https:\/\/www.museolacavada.es\/wp-content\/uploads\/2021\/07\/IMG_2809-1-1536x1024.jpg 1536w, https:\/\/www.museolacavada.es\/wp-content\/uploads\/2021\/07\/IMG_2809-1-2048x1365.jpg 2048w, https:\/\/www.museolacavada.es\/wp-content\/uploads\/2021\/07\/IMG_2809-1-1200x800.jpg 1200w, https:\/\/www.museolacavada.es\/wp-content\/uploads\/2021\/07\/IMG_2809-1-1980x1320.jpg 1980w\" sizes=\"auto, (max-width: 1024px) 100vw, 1024px\" \/><\/figure>\n\n\n\n<figure class=\"wp-block-image size-large\"><img loading=\"lazy\" decoding=\"async\" width=\"1024\" height=\"683\" data-id=\"66\" src=\"http:\/\/www.museolacavada.es\/wp-content\/uploads\/2021\/07\/IMG_2707-1024x683.jpg\" alt=\"\" class=\"wp-image-66\" srcset=\"https:\/\/www.museolacavada.es\/wp-content\/uploads\/2021\/07\/IMG_2707-1024x683.jpg 1024w, https:\/\/www.museolacavada.es\/wp-content\/uploads\/2021\/07\/IMG_2707-300x200.jpg 300w, https:\/\/www.museolacavada.es\/wp-content\/uploads\/2021\/07\/IMG_2707-768x512.jpg 768w, https:\/\/www.museolacavada.es\/wp-content\/uploads\/2021\/07\/IMG_2707-1536x1024.jpg 1536w, https:\/\/www.museolacavada.es\/wp-content\/uploads\/2021\/07\/IMG_2707-2048x1365.jpg 2048w, https:\/\/www.museolacavada.es\/wp-content\/uploads\/2021\/07\/IMG_2707-1200x800.jpg 1200w, https:\/\/www.museolacavada.es\/wp-content\/uploads\/2021\/07\/IMG_2707-1980x1320.jpg 1980w\" sizes=\"auto, (max-width: 1024px) 100vw, 1024px\" \/><\/figure>\n\n\n\n<figure class=\"wp-block-image size-large\"><img loading=\"lazy\" decoding=\"async\" width=\"1024\" height=\"683\" data-id=\"124\" src=\"http:\/\/www.museolacavada.es\/wp-content\/uploads\/2021\/07\/IMG_2671-1024x683.jpg\" alt=\"\" class=\"wp-image-124\" srcset=\"https:\/\/www.museolacavada.es\/wp-content\/uploads\/2021\/07\/IMG_2671-1024x683.jpg 1024w, https:\/\/www.museolacavada.es\/wp-content\/uploads\/2021\/07\/IMG_2671-300x200.jpg 300w, https:\/\/www.museolacavada.es\/wp-content\/uploads\/2021\/07\/IMG_2671-768x512.jpg 768w, https:\/\/www.museolacavada.es\/wp-content\/uploads\/2021\/07\/IMG_2671-1536x1024.jpg 1536w, https:\/\/www.museolacavada.es\/wp-content\/uploads\/2021\/07\/IMG_2671-2048x1365.jpg 2048w, https:\/\/www.museolacavada.es\/wp-content\/uploads\/2021\/07\/IMG_2671-1200x800.jpg 1200w, https:\/\/www.museolacavada.es\/wp-content\/uploads\/2021\/07\/IMG_2671-1980x1320.jpg 1980w\" sizes=\"auto, (max-width: 1024px) 100vw, 1024px\" \/><\/figure>\n\n\n\n<figure class=\"wp-block-image size-large\"><img loading=\"lazy\" decoding=\"async\" width=\"1024\" height=\"683\" data-id=\"125\" src=\"http:\/\/www.museolacavada.es\/wp-content\/uploads\/2021\/07\/IMG_2680-1024x683.jpg\" alt=\"\" class=\"wp-image-125\" srcset=\"https:\/\/www.museolacavada.es\/wp-content\/uploads\/2021\/07\/IMG_2680-1024x683.jpg 1024w, https:\/\/www.museolacavada.es\/wp-content\/uploads\/2021\/07\/IMG_2680-300x200.jpg 300w, https:\/\/www.museolacavada.es\/wp-content\/uploads\/2021\/07\/IMG_2680-768x512.jpg 768w, https:\/\/www.museolacavada.es\/wp-content\/uploads\/2021\/07\/IMG_2680-1536x1024.jpg 1536w, https:\/\/www.museolacavada.es\/wp-content\/uploads\/2021\/07\/IMG_2680-2048x1365.jpg 2048w, https:\/\/www.museolacavada.es\/wp-content\/uploads\/2021\/07\/IMG_2680-1200x800.jpg 1200w, https:\/\/www.museolacavada.es\/wp-content\/uploads\/2021\/07\/IMG_2680-1980x1320.jpg 1980w\" sizes=\"auto, (max-width: 1024px) 100vw, 1024px\" \/><\/figure>\n\n\n\n<figure class=\"wp-block-image size-large\"><img loading=\"lazy\" decoding=\"async\" width=\"1024\" height=\"683\" data-id=\"126\" src=\"http:\/\/www.museolacavada.es\/wp-content\/uploads\/2021\/07\/IMG_2682-1024x683.jpg\" alt=\"\" class=\"wp-image-126\" srcset=\"https:\/\/www.museolacavada.es\/wp-content\/uploads\/2021\/07\/IMG_2682-1024x683.jpg 1024w, https:\/\/www.museolacavada.es\/wp-content\/uploads\/2021\/07\/IMG_2682-300x200.jpg 300w, https:\/\/www.museolacavada.es\/wp-content\/uploads\/2021\/07\/IMG_2682-768x512.jpg 768w, https:\/\/www.museolacavada.es\/wp-content\/uploads\/2021\/07\/IMG_2682-1536x1024.jpg 1536w, https:\/\/www.museolacavada.es\/wp-content\/uploads\/2021\/07\/IMG_2682-2048x1365.jpg 2048w, https:\/\/www.museolacavada.es\/wp-content\/uploads\/2021\/07\/IMG_2682-1200x800.jpg 1200w, https:\/\/www.museolacavada.es\/wp-content\/uploads\/2021\/07\/IMG_2682-1980x1320.jpg 1980w\" sizes=\"auto, (max-width: 1024px) 100vw, 1024px\" \/><\/figure>\n\n\n\n<figure class=\"wp-block-image size-large\"><img loading=\"lazy\" decoding=\"async\" width=\"1024\" height=\"683\" data-id=\"127\" src=\"http:\/\/www.museolacavada.es\/wp-content\/uploads\/2021\/07\/IMG_2692-1024x683.jpg\" alt=\"\" class=\"wp-image-127\" srcset=\"https:\/\/www.museolacavada.es\/wp-content\/uploads\/2021\/07\/IMG_2692-1024x683.jpg 1024w, https:\/\/www.museolacavada.es\/wp-content\/uploads\/2021\/07\/IMG_2692-300x200.jpg 300w, https:\/\/www.museolacavada.es\/wp-content\/uploads\/2021\/07\/IMG_2692-768x512.jpg 768w, https:\/\/www.museolacavada.es\/wp-content\/uploads\/2021\/07\/IMG_2692-1536x1024.jpg 1536w, https:\/\/www.museolacavada.es\/wp-content\/uploads\/2021\/07\/IMG_2692-2048x1365.jpg 2048w, https:\/\/www.museolacavada.es\/wp-content\/uploads\/2021\/07\/IMG_2692-1200x800.jpg 1200w, https:\/\/www.museolacavada.es\/wp-content\/uploads\/2021\/07\/IMG_2692-1980x1320.jpg 1980w\" sizes=\"auto, (max-width: 1024px) 100vw, 1024px\" \/><\/figure>\n\n\n\n<figure class=\"wp-block-image size-large\"><img loading=\"lazy\" decoding=\"async\" width=\"1024\" height=\"683\" data-id=\"128\" src=\"http:\/\/www.museolacavada.es\/wp-content\/uploads\/2021\/07\/IMG_2695-1024x683.jpg\" alt=\"\" class=\"wp-image-128\" srcset=\"https:\/\/www.museolacavada.es\/wp-content\/uploads\/2021\/07\/IMG_2695-1024x683.jpg 1024w, https:\/\/www.museolacavada.es\/wp-content\/uploads\/2021\/07\/IMG_2695-300x200.jpg 300w, https:\/\/www.museolacavada.es\/wp-content\/uploads\/2021\/07\/IMG_2695-768x512.jpg 768w, https:\/\/www.museolacavada.es\/wp-content\/uploads\/2021\/07\/IMG_2695-1536x1024.jpg 1536w, https:\/\/www.museolacavada.es\/wp-content\/uploads\/2021\/07\/IMG_2695-2048x1365.jpg 2048w, https:\/\/www.museolacavada.es\/wp-content\/uploads\/2021\/07\/IMG_2695-1200x800.jpg 1200w, https:\/\/www.museolacavada.es\/wp-content\/uploads\/2021\/07\/IMG_2695-1980x1320.jpg 1980w\" sizes=\"auto, (max-width: 1024px) 100vw, 1024px\" \/><\/figure>\n\n\n\n<figure class=\"wp-block-image size-large\"><img loading=\"lazy\" decoding=\"async\" width=\"683\" height=\"1024\" data-id=\"129\" src=\"http:\/\/www.museolacavada.es\/wp-content\/uploads\/2021\/07\/IMG_2696-683x1024.jpg\" alt=\"\" class=\"wp-image-129\" srcset=\"https:\/\/www.museolacavada.es\/wp-content\/uploads\/2021\/07\/IMG_2696-683x1024.jpg 683w, https:\/\/www.museolacavada.es\/wp-content\/uploads\/2021\/07\/IMG_2696-200x300.jpg 200w, https:\/\/www.museolacavada.es\/wp-content\/uploads\/2021\/07\/IMG_2696-768x1152.jpg 768w, https:\/\/www.museolacavada.es\/wp-content\/uploads\/2021\/07\/IMG_2696-1024x1536.jpg 1024w, https:\/\/www.museolacavada.es\/wp-content\/uploads\/2021\/07\/IMG_2696-1365x2048.jpg 1365w, https:\/\/www.museolacavada.es\/wp-content\/uploads\/2021\/07\/IMG_2696-1200x1800.jpg 1200w, https:\/\/www.museolacavada.es\/wp-content\/uploads\/2021\/07\/IMG_2696-1980x2970.jpg 1980w, https:\/\/www.museolacavada.es\/wp-content\/uploads\/2021\/07\/IMG_2696-scaled.jpg 1707w\" sizes=\"auto, (max-width: 683px) 100vw, 683px\" \/><\/figure>\n\n\n\n<figure class=\"wp-block-image size-large\"><img loading=\"lazy\" decoding=\"async\" width=\"1024\" height=\"683\" data-id=\"131\" src=\"http:\/\/www.museolacavada.es\/wp-content\/uploads\/2021\/07\/IMG_2714-1024x683.jpg\" alt=\"\" class=\"wp-image-131\" srcset=\"https:\/\/www.museolacavada.es\/wp-content\/uploads\/2021\/07\/IMG_2714-1024x683.jpg 1024w, https:\/\/www.museolacavada.es\/wp-content\/uploads\/2021\/07\/IMG_2714-300x200.jpg 300w, https:\/\/www.museolacavada.es\/wp-content\/uploads\/2021\/07\/IMG_2714-768x512.jpg 768w, https:\/\/www.museolacavada.es\/wp-content\/uploads\/2021\/07\/IMG_2714-1536x1024.jpg 1536w, https:\/\/www.museolacavada.es\/wp-content\/uploads\/2021\/07\/IMG_2714-2048x1365.jpg 2048w, https:\/\/www.museolacavada.es\/wp-content\/uploads\/2021\/07\/IMG_2714-1200x800.jpg 1200w, https:\/\/www.museolacavada.es\/wp-content\/uploads\/2021\/07\/IMG_2714-1980x1320.jpg 1980w\" sizes=\"auto, (max-width: 1024px) 100vw, 1024px\" \/><\/figure>\n\n\n\n<figure class=\"wp-block-image size-large\"><img loading=\"lazy\" decoding=\"async\" width=\"1024\" height=\"683\" data-id=\"132\" src=\"http:\/\/www.museolacavada.es\/wp-content\/uploads\/2021\/07\/IMG_2716-1024x683.jpg\" alt=\"\" class=\"wp-image-132\" srcset=\"https:\/\/www.museolacavada.es\/wp-content\/uploads\/2021\/07\/IMG_2716-1024x683.jpg 1024w, https:\/\/www.museolacavada.es\/wp-content\/uploads\/2021\/07\/IMG_2716-300x200.jpg 300w, https:\/\/www.museolacavada.es\/wp-content\/uploads\/2021\/07\/IMG_2716-768x512.jpg 768w, https:\/\/www.museolacavada.es\/wp-content\/uploads\/2021\/07\/IMG_2716-1536x1024.jpg 1536w, https:\/\/www.museolacavada.es\/wp-content\/uploads\/2021\/07\/IMG_2716-2048x1365.jpg 2048w, https:\/\/www.museolacavada.es\/wp-content\/uploads\/2021\/07\/IMG_2716-1200x800.jpg 1200w, https:\/\/www.museolacavada.es\/wp-content\/uploads\/2021\/07\/IMG_2716-1980x1320.jpg 1980w\" sizes=\"auto, (max-width: 1024px) 100vw, 1024px\" \/><\/figure>\n\n\n\n<figure class=\"wp-block-image size-large\"><img loading=\"lazy\" decoding=\"async\" width=\"1024\" height=\"683\" data-id=\"133\" src=\"http:\/\/www.museolacavada.es\/wp-content\/uploads\/2021\/07\/IMG_2740-1024x683.jpg\" alt=\"\" class=\"wp-image-133\" srcset=\"https:\/\/www.museolacavada.es\/wp-content\/uploads\/2021\/07\/IMG_2740-1024x683.jpg 1024w, https:\/\/www.museolacavada.es\/wp-content\/uploads\/2021\/07\/IMG_2740-300x200.jpg 300w, https:\/\/www.museolacavada.es\/wp-content\/uploads\/2021\/07\/IMG_2740-768x512.jpg 768w, https:\/\/www.museolacavada.es\/wp-content\/uploads\/2021\/07\/IMG_2740-1536x1024.jpg 1536w, https:\/\/www.museolacavada.es\/wp-content\/uploads\/2021\/07\/IMG_2740-2048x1365.jpg 2048w, https:\/\/www.museolacavada.es\/wp-content\/uploads\/2021\/07\/IMG_2740-1200x800.jpg 1200w, https:\/\/www.museolacavada.es\/wp-content\/uploads\/2021\/07\/IMG_2740-1980x1320.jpg 1980w\" sizes=\"auto, (max-width: 1024px) 100vw, 1024px\" \/><\/figure>\n\n\n\n<figure class=\"wp-block-image size-large\"><img loading=\"lazy\" decoding=\"async\" width=\"1024\" height=\"683\" data-id=\"134\" src=\"http:\/\/www.museolacavada.es\/wp-content\/uploads\/2021\/07\/IMG_2825-1024x683.jpg\" alt=\"\" class=\"wp-image-134\" srcset=\"https:\/\/www.museolacavada.es\/wp-content\/uploads\/2021\/07\/IMG_2825-1024x683.jpg 1024w, https:\/\/www.museolacavada.es\/wp-content\/uploads\/2021\/07\/IMG_2825-300x200.jpg 300w, https:\/\/www.museolacavada.es\/wp-content\/uploads\/2021\/07\/IMG_2825-768x512.jpg 768w, https:\/\/www.museolacavada.es\/wp-content\/uploads\/2021\/07\/IMG_2825-1536x1024.jpg 1536w, https:\/\/www.museolacavada.es\/wp-content\/uploads\/2021\/07\/IMG_2825-2048x1365.jpg 2048w, https:\/\/www.museolacavada.es\/wp-content\/uploads\/2021\/07\/IMG_2825-1200x800.jpg 1200w, https:\/\/www.museolacavada.es\/wp-content\/uploads\/2021\/07\/IMG_2825-1980x1320.jpg 1980w\" sizes=\"auto, (max-width: 1024px) 100vw, 1024px\" \/><\/figure>\n\n\n\n<figure class=\"wp-block-image size-large\"><img loading=\"lazy\" decoding=\"async\" width=\"1024\" height=\"683\" data-id=\"135\" src=\"http:\/\/www.museolacavada.es\/wp-content\/uploads\/2021\/07\/IMG_2833-1024x683.jpg\" alt=\"\" class=\"wp-image-135\" srcset=\"https:\/\/www.museolacavada.es\/wp-content\/uploads\/2021\/07\/IMG_2833-1024x683.jpg 1024w, https:\/\/www.museolacavada.es\/wp-content\/uploads\/2021\/07\/IMG_2833-300x200.jpg 300w, https:\/\/www.museolacavada.es\/wp-content\/uploads\/2021\/07\/IMG_2833-768x512.jpg 768w, https:\/\/www.museolacavada.es\/wp-content\/uploads\/2021\/07\/IMG_2833-1536x1024.jpg 1536w, https:\/\/www.museolacavada.es\/wp-content\/uploads\/2021\/07\/IMG_2833-2048x1365.jpg 2048w, https:\/\/www.museolacavada.es\/wp-content\/uploads\/2021\/07\/IMG_2833-1200x800.jpg 1200w, https:\/\/www.museolacavada.es\/wp-content\/uploads\/2021\/07\/IMG_2833-1980x1320.jpg 1980w\" sizes=\"auto, (max-width: 1024px) 100vw, 1024px\" \/><\/figure>\n\n\n\n<figure class=\"wp-block-image size-large\"><img loading=\"lazy\" decoding=\"async\" width=\"1024\" height=\"683\" data-id=\"137\" src=\"http:\/\/www.museolacavada.es\/wp-content\/uploads\/2021\/07\/IMG_2845-1024x683.jpg\" alt=\"\" class=\"wp-image-137\" srcset=\"https:\/\/www.museolacavada.es\/wp-content\/uploads\/2021\/07\/IMG_2845-1024x683.jpg 1024w, https:\/\/www.museolacavada.es\/wp-content\/uploads\/2021\/07\/IMG_2845-300x200.jpg 300w, https:\/\/www.museolacavada.es\/wp-content\/uploads\/2021\/07\/IMG_2845-768x512.jpg 768w, https:\/\/www.museolacavada.es\/wp-content\/uploads\/2021\/07\/IMG_2845-1536x1024.jpg 1536w, https:\/\/www.museolacavada.es\/wp-content\/uploads\/2021\/07\/IMG_2845-2048x1365.jpg 2048w, https:\/\/www.museolacavada.es\/wp-content\/uploads\/2021\/07\/IMG_2845-1200x800.jpg 1200w, https:\/\/www.museolacavada.es\/wp-content\/uploads\/2021\/07\/IMG_2845-1980x1320.jpg 1980w\" sizes=\"auto, (max-width: 1024px) 100vw, 1024px\" \/><\/figure>\n\n\n\n<figure class=\"wp-block-image size-large\"><img loading=\"lazy\" decoding=\"async\" width=\"1024\" height=\"683\" data-id=\"139\" src=\"http:\/\/www.museolacavada.es\/wp-content\/uploads\/2021\/07\/IMG_2857-1024x683.jpg\" alt=\"\" class=\"wp-image-139\" srcset=\"https:\/\/www.museolacavada.es\/wp-content\/uploads\/2021\/07\/IMG_2857-1024x683.jpg 1024w, https:\/\/www.museolacavada.es\/wp-content\/uploads\/2021\/07\/IMG_2857-300x200.jpg 300w, https:\/\/www.museolacavada.es\/wp-content\/uploads\/2021\/07\/IMG_2857-768x512.jpg 768w, https:\/\/www.museolacavada.es\/wp-content\/uploads\/2021\/07\/IMG_2857-1536x1024.jpg 1536w, https:\/\/www.museolacavada.es\/wp-content\/uploads\/2021\/07\/IMG_2857-2048x1365.jpg 2048w, https:\/\/www.museolacavada.es\/wp-content\/uploads\/2021\/07\/IMG_2857-1200x800.jpg 1200w, https:\/\/www.museolacavada.es\/wp-content\/uploads\/2021\/07\/IMG_2857-1980x1320.jpg 1980w\" sizes=\"auto, (max-width: 1024px) 100vw, 1024px\" \/><\/figure>\n\n\n\n<figure class=\"wp-block-image size-large\"><img loading=\"lazy\" decoding=\"async\" width=\"1024\" height=\"683\" data-id=\"140\" src=\"http:\/\/www.museolacavada.es\/wp-content\/uploads\/2021\/07\/IMG_2890-1024x683.jpg\" alt=\"\" class=\"wp-image-140\" srcset=\"https:\/\/www.museolacavada.es\/wp-content\/uploads\/2021\/07\/IMG_2890-1024x683.jpg 1024w, https:\/\/www.museolacavada.es\/wp-content\/uploads\/2021\/07\/IMG_2890-300x200.jpg 300w, https:\/\/www.museolacavada.es\/wp-content\/uploads\/2021\/07\/IMG_2890-768x512.jpg 768w, https:\/\/www.museolacavada.es\/wp-content\/uploads\/2021\/07\/IMG_2890-1536x1024.jpg 1536w, https:\/\/www.museolacavada.es\/wp-content\/uploads\/2021\/07\/IMG_2890-2048x1365.jpg 2048w, https:\/\/www.museolacavada.es\/wp-content\/uploads\/2021\/07\/IMG_2890-1200x800.jpg 1200w, https:\/\/www.museolacavada.es\/wp-content\/uploads\/2021\/07\/IMG_2890-1980x1320.jpg 1980w\" sizes=\"auto, (max-width: 1024px) 100vw, 1024px\" \/><\/figure>\n\n\n\n<figure class=\"wp-block-image size-large\"><img loading=\"lazy\" decoding=\"async\" width=\"1024\" height=\"683\" data-id=\"141\" src=\"http:\/\/www.museolacavada.es\/wp-content\/uploads\/2021\/07\/IMG_2940-1024x683.jpg\" alt=\"\" class=\"wp-image-141\" srcset=\"https:\/\/www.museolacavada.es\/wp-content\/uploads\/2021\/07\/IMG_2940-1024x683.jpg 1024w, https:\/\/www.museolacavada.es\/wp-content\/uploads\/2021\/07\/IMG_2940-300x200.jpg 300w, https:\/\/www.museolacavada.es\/wp-content\/uploads\/2021\/07\/IMG_2940-768x512.jpg 768w, https:\/\/www.museolacavada.es\/wp-content\/uploads\/2021\/07\/IMG_2940-1536x1024.jpg 1536w, https:\/\/www.museolacavada.es\/wp-content\/uploads\/2021\/07\/IMG_2940-2048x1365.jpg 2048w, https:\/\/www.museolacavada.es\/wp-content\/uploads\/2021\/07\/IMG_2940-1200x800.jpg 1200w, https:\/\/www.museolacavada.es\/wp-content\/uploads\/2021\/07\/IMG_2940-1980x1320.jpg 1980w\" sizes=\"auto, (max-width: 1024px) 100vw, 1024px\" \/><\/figure>\n<\/figure>\n","protected":false},"excerpt":{"rendered":"<p>Dentro de la labor de difusi\u00f3n que lleva a cabo la Asociaci\u00f3n de Amigos del Museo se encuentra el \u00abD\u00eda de la Real F\u00e1brica\u00bb. Esta Fiesta de Inter\u00e9s Tur\u00edstico Regional es una recreaci\u00f3n Hist\u00f3rica de la recepci\u00f3n y toma de posesi\u00f3n como Director de la F\u00e1brica de La Cavada del Brigadier Dn. Fernando Casado de [&hellip;]<\/p>\n","protected":false},"author":1,"featured_media":0,"parent":0,"menu_order":0,"comment_status":"closed","ping_status":"closed","template":"","meta":{"footnotes":""},"class_list":["post-120","page","type-page","status-publish","hentry"],"_links":{"self":[{"href":"https:\/\/www.museolacavada.es\/index.php\/wp-json\/wp\/v2\/pages\/120","targetHints":{"allow":["GET"]}}],"collection":[{"href":"https:\/\/www.museolacavada.es\/index.php\/wp-json\/wp\/v2\/pages"}],"about":[{"href":"https:\/\/www.museolacavada.es\/index.php\/wp-json\/wp\/v2\/types\/page"}],"author":[{"embeddable":true,"href":"https:\/\/www.museolacavada.es\/index.php\/wp-json\/wp\/v2\/users\/1"}],"replies":[{"embeddable":true,"href":"https:\/\/www.museolacavada.es\/index.php\/wp-json\/wp\/v2\/comments?post=120"}],"version-history":[{"count":13,"href":"https:\/\/www.museolacavada.es\/index.php\/wp-json\/wp\/v2\/pages\/120\/revisions"}],"predecessor-version":[{"id":1133,"href":"https:\/\/www.museolacavada.es\/index.php\/wp-json\/wp\/v2\/pages\/120\/revisions\/1133"}],"wp:attachment":[{"href":"https:\/\/www.museolacavada.es\/index.php\/wp-json\/wp\/v2\/media?parent=120"}],"curies":[{"name":"wp","href":"https:\/\/api.w.org\/{rel}","templated":true}]}}